{"id":4913,"date":"2024-01-09T16:42:07","date_gmt":"2024-01-09T16:42:07","guid":{"rendered":"https:\/\/www.denevads.es\/?page_id=4913"},"modified":"2024-01-09T20:53:31","modified_gmt":"2024-01-09T20:53:31","slug":"brightsign","status":"publish","type":"page","link":"https:\/\/www.denevads.es\/en\/brightsign\/","title":{"rendered":"BrightSign"},"content":{"rendered":"[vc_row fullwidth=&#8221;true&#8221;][vc_column][mk_page_title_box page_title=&#8221;Discover Perfect Synchronisation: DENEVA and BrightSign&#8221; page_subtitle=&#8221;Powering excellence in Digital Signage&#8221; section_height=&#8221;800&#8243; bg_image=&#8221;https:\/\/www.denevads.es\/wp-content\/uploads\/2023\/12\/cloth_store_deneva.jpg&#8221; bg_position=&#8221;center center&#8221; bg_stretch=&#8221;true&#8221; overlay=&#8221;rgba(0,0,0,0.6)&#8221; bg_effects=&#8221;parallaxZoomOut&#8221; font_color=&#8221;#ffffff&#8221; sub_font_color=&#8221;#ebebeb&#8221;][\/vc_column][\/vc_row][vc_row][vc_column][mk_padding_divider size=&#8221;100&#8243;][mk_image src=&#8221;https:\/\/www.denevads.es\/wp-content\/uploads\/2023\/12\/logos_web.jpg&#8221; image_size=&#8221;full&#8221; frame_style=&#8221;rounded&#8221; align=&#8221;center&#8221; margin_bottom=&#8221;0&#8243;][vc_column_text css=&#8221;.vc_custom_1704817979109{margin-bottom: 0px !important;}&#8221;]\n<p style=\"text-align: center;\">Embark on an exceptional Digital Signage journey with the seamless integration of DENEVA and BrightSign.<\/p>\n<p style=\"text-align: center;\">Our outstanding partnership gives you the perfect combination to elevate your digital display experiences to unprecedented levels.<\/p>\n[\/vc_column_text][vc_separator border_width=&#8221;2&#8243;][mk_padding_divider size=&#8221;100&#8243;][vc_row_inner][vc_column_inner width=&#8221;1\/2&#8243;][mk_image src=&#8221;https:\/\/www.denevads.es\/wp-content\/uploads\/2024\/01\/bs_xc5.png&#8221; image_size=&#8221;full&#8221; frame_style=&#8221;rounded&#8221; align=&#8221;center&#8221; margin_bottom=&#8221;0&#8243;][\/vc_column_inner][vc_column_inner width=&#8221;1\/2&#8243;][mk_fancy_title color=&#8221;#363636&#8243; size=&#8221;40&#8243; font_weight=&#8221;500&#8243; margin_bottom=&#8221;0&#8243; font_family=&#8221;none&#8221;]DENEVA compatible 5 series players[\/mk_fancy_title][vc_column_text css=&#8221;.vc_custom_1704818058522{margin-bottom: 0px !important;}&#8221;]Immerse yourself in DENEVA&#8217;s harmonious integration with all BrightSign Series 5 players. Our commitment to compatibility ensures that every device in the BrightSign line-up syncs effortlessly with Deneva&#8217;s cutting-edge software.<\/p>\n<p>Unleash the full potential of your displays with the perfect alignment of technology and innovation.<\/p>\n<p>&nbsp;<\/p>\n[\/vc_column_text][mk_button dimension=&#8221;outline&#8221; corner_style=&#8221;rounded&#8221; size=&#8221;x-large&#8221; url=&#8221;https:\/\/www.denevads.es\/en\/contact-with-us\/&#8221; margin_top=&#8221;15&#8243; margin_bottom=&#8221;0&#8243;]Request a demo[\/mk_button][\/vc_column_inner][\/vc_row_inner][mk_padding_divider size=&#8221;100&#8243;][\/vc_column][\/vc_row][vc_row][vc_column][mk_padding_divider size=&#8221;25&#8243;][mk_fancy_title tag_name=&#8221;h3&#8243; color=&#8221;#363636&#8243; size=&#8221;40&#8243; font_weight=&#8221;500&#8243; margin_bottom=&#8221;0&#8243; font_family=&#8221;none&#8221; align=&#8221;center&#8221;]Why choose BrightSign?[\/mk_fancy_title][vc_column_text disable_pattern=&#8221;false&#8221; align=&#8221;center&#8221; css=&#8221;.vc_custom_1703758369950{margin-bottom: 0px !important;}&#8221;]<img loading=\"lazy\" decoding=\"async\" class=\"alignnone size-full wp-image-2516\" src=\"https:\/\/www.denevads.es\/wp-content\/uploads\/2023\/12\/brightsign_serie5.png\" alt=\"Digital Menu Board\" width=\"1093\" height=\"238\" \/>[\/vc_column_text][vc_column_text disable_pattern=&#8221;false&#8221; margin_bottom=&#8221;50&#8243; css=&#8221;.vc_custom_1704818163633{margin-bottom: 0px !important;}&#8221;]\n<p style=\"text-align: center;\">Enter a world where innovation meets reliability: choose BrightSign for your Digital Signage projects.<\/p>\n<p style=\"text-align: center;\">Positioned as the industry&#8217;s most trusted digital signage player, BrightSign offers a compelling range of benefits.<\/p>\n[\/vc_column_text][mk_padding_divider size=&#8221;35&#8243;][vc_row_inner][vc_column_inner width=&#8221;1\/2&#8243;][mk_fancy_title color=&#8221;#363636&#8243; size=&#8221;40&#8243; font_weight=&#8221;500&#8243; margin_bottom=&#8221;0&#8243; font_family=&#8221;none&#8221;]Elevate your digital experience[\/mk_fancy_title][vc_column_text css=&#8221;.vc_custom_1704818207036{margin-bottom: 0px !important;}&#8221;]BrightSign\u00ae digital media players bring DENEVA&#8217;s visual experiences to life, captivating audiences with brilliance.<\/p>\n<p>Designed for professionals and extraordinarily easy to use, BrightSign and BrightSignOS\u2122 players ensure unparalleled performance, unmatched security and legendary reliability.<\/p>\n<p>Whether you manage one screen or a large network, discover the perfect BrightSign player, designed just for you.[\/vc_column_text][\/vc_column_inner][vc_column_inner width=&#8221;1\/2&#8243;][vc_column_text css=&#8221;.vc_custom_1704833604101{margin-bottom: 0px !important;}&#8221;]<img loading=\"lazy\" decoding=\"async\" class=\"alignnone size-full wp-image-2520\" src=\"https:\/\/www.denevads.es\/wp-content\/uploads\/2024\/01\/img_brightsign_denevaxt5.png\" alt=\"BrightSign integration\" width=\"800\" height=\"483\" \/>[\/vc_column_text][\/vc_column_inner][\/vc_row_inner][\/vc_column][\/vc_row][mk_page_section padding_top=&#8221;100&#8243; padding_bottom=&#8221;100&#8243; sidebar=&#8221;sidebar-1&#8243;][vc_column][mk_fancy_title color=&#8221;#363636&#8243; size=&#8221;40&#8243; font_weight=&#8221;500&#8243; margin_bottom=&#8221;0&#8243; font_family=&#8221;none&#8221; align=&#8221;center&#8221;]Discover the potential of BrightSign[\/mk_fancy_title][vc_single_image image=&#8221;4998&#8243; img_size=&#8221;full&#8221; alignment=&#8221;center&#8221;][\/vc_column][\/mk_page_section][mk_page_section min_height=&#8221;40&#8243; padding_top=&#8221;0&#8243; padding_bottom=&#8221;0&#8243; sidebar=&#8221;sidebar-1&#8243;][vc_column width=&#8221;1\/5&#8243;][mk_icon_box2 icon_size=&#8221;64&#8243; icon=&#8221;mk-moon-bubble-video-chat&#8221; icon_color=&#8221;#e61b2a&#8221;]Exceptional video quality ranging from Full HD to 8K, ensuring stunning visual experiences.[\/mk_icon_box2][\/vc_column][vc_column width=&#8221;1\/5&#8243;][mk_icon_box2 icon_size=&#8221;64&#8243; icon=&#8221;mk-icon-rocket&#8221; icon_color=&#8221;#e61b2a&#8221;]A powerful motion graphics engine, enabling the creation of simple to sophisticated displays.[\/mk_icon_box2][\/vc_column][vc_column width=&#8221;1\/5&#8243;][mk_icon_box2 icon_size=&#8221;64&#8243; icon=&#8221;mk-icon-desktop&#8221; icon_color=&#8221;#e61b2a&#8221;]A commercial-grade, solid-state platform delivering dependable operation over time and in extreme conditions.[\/mk_icon_box2][\/vc_column][vc_column width=&#8221;1\/5&#8243;][mk_icon_box2 icon_size=&#8221;64&#8243; icon=&#8221;mk-icon-cogs&#8221; icon_color=&#8221;#e61b2a&#8221;]Comprehensive connectivity options for interactivity and seamless integration of technology add-ons.[\/mk_icon_box2][\/vc_column][vc_column width=&#8221;1\/5&#8243;][mk_icon_box2 icon_size=&#8221;64&#8243; icon=&#8221;mk-icon-thumbs-up&#8221; icon_color=&#8221;#e61b2a&#8221;]Powered by BrightSignOS\u2122, guaranteeing renowned security, reliability, performance, and sustainability.[\/mk_icon_box2][\/vc_column][\/mk_page_section][vc_section][vc_row][vc_column][mk_button dimension=&#8221;outline&#8221; corner_style=&#8221;rounded&#8221; size=&#8221;x-large&#8221; url=&#8221;https:\/\/www.brightsign.biz\/&#8221; target=&#8221;_blank&#8221; align=&#8221;center&#8221; margin_top=&#8221;15&#8243; margin_bottom=&#8221;0&#8243;]Discover more about BrightSign[\/mk_button][\/vc_column][\/vc_row][\/vc_section][mk_page_section bg_position=&#8221;center center&#8221; bg_stretch=&#8221;true&#8221; enable_3d=&#8221;true&#8221; padding_top=&#8221;100&#8243; padding_bottom=&#8221;100&#8243; sidebar=&#8221;sidebar-1&#8243;][vc_column][mk_fancy_title color=&#8221;#363636&#8243; size=&#8221;40&#8243; font_weight=&#8221;500&#8243; margin_bottom=&#8221;0&#8243; font_family=&#8221;none&#8221; align=&#8221;center&#8221;]Optimise your visual communication[\/mk_fancy_title][mk_gallery images=&#8221;5019,5021,5024,5027&#8243; column=&#8221;4&#8243; height=&#8221;300&#8243; hover_scenarios=&#8221;slow_zoom&#8221; item_spacing=&#8221;10&#8243; frame_style=&#8221;grid&#8221;][\/vc_column][\/mk_page_section][mk_page_section bg_gradient=&#8221;horizontal&#8221; video_color_mask=&#8221;#e61b2a&#8221; gr_end=&#8221;#520ab3&#8243; video_opacity=&#8221;1&#8243; padding_top=&#8221;100&#8243; padding_bottom=&#8221;100&#8243; sidebar=&#8221;sidebar-1&#8243;][vc_column][mk_fancy_title tag_name=&#8221;h4&#8243; color=&#8221;#ffffff&#8221; size=&#8221;40&#8243; font_weight=&#8221;400&#8243; font_family=&#8221;none&#8221; align=&#8221;center&#8221;]Make the most of the possibilities of BrightSign and DENEVA[\/mk_fancy_title][mk_fancy_title tag_name=&#8221;h3&#8243; color=&#8221;#ebebeb&#8221; size=&#8221;25&#8243; font_weight=&#8221;300&#8243; font_family=&#8221;none&#8221; align=&#8221;center&#8221;]Tell us about your needs. Connect with us and explore the possibilities that will guarantee the success of your project.[\/mk_fancy_title][mk_button dimension=&#8221;outline&#8221; corner_style=&#8221;rounded&#8221; size=&#8221;x-large&#8221; url=&#8221;https:\/\/www.denevads.es\/en\/contact-with-us\/&#8221; align=&#8221;center&#8221; margin_top=&#8221;40&#8243; margin_bottom=&#8221;0&#8243; outline_skin=&#8221;light&#8221;]Talk to an expert[\/mk_button][\/vc_column][\/mk_page_section]\n","protected":false},"excerpt":{"rendered":"<p>[vc_row fullwidth=&#8221;true&#8221;][vc_column][mk_page_title_box page_title=&#8221;Discover Perfect Synchronisation: DENEVA and BrightSign&#8221; page_subtitle=&#8221;Powering excellence in Digital Signage&#8221; section_height=&#8221;800&#8243; bg_image=&#8221;https:\/\/www.denevads.es\/wp-content\/uploads\/2023\/12\/cloth_store_deneva.jpg&#8221; bg_position=&#8221;center center&#8221; bg_stretch=&#8221;true&#8221; overlay=&#8221;rgba(0,0,0,0.6)&#8221; bg_effects=&#8221;parallaxZoomOut&#8221; font_color=&#8221;#ffffff&#8221; sub_font_color=&#8221;#ebebeb&#8221;][\/vc_column][\/vc_row][vc_row][vc_column][mk_padding_divider size=&#8221;100&#8243;][mk_image src=&#8221;https:\/\/www.denevads.es\/wp-content\/uploads\/2023\/12\/logos_web.jpg&#8221; image_size=&#8221;full&#8221; frame_style=&#8221;rounded&#8221; align=&#8221;center&#8221; margin_bottom=&#8221;0&#8243;][vc_column_text css=&#8221;.vc_custom_1704817979109{margin-bottom: 0px !important;}&#8221;] Embark on an exceptional Digital Signage journey with the seamless integration of DENEVA and BrightSign. Our outstanding partnership gives you the perfect combination to [&hellip;]<\/p>\n","protected":false},"author":3,"featured_media":0,"parent":0,"menu_order":0,"comment_status":"closed","ping_status":"closed","template":"","meta":{"_exactmetrics_skip_tracking":false,"_exactmetrics_sitenote_active":false,"_exactmetrics_sitenote_note":"","_exactmetrics_sitenote_category":0,"footnotes":""},"class_list":["post-4913","page","type-page","status-publish","hentry"],"yoast_head":"<!-- This site is optimized with the Yoast SEO plugin v23.6 - https:\/\/yoast.com\/wordpress\/plugins\/seo\/ -->\n<title>Deneva and BrightSign Integration: Powering your Digital Signage<\/title>\n<meta name=\"description\" content=\"Potencia tu se\u00f1alizaci\u00f3n digital con la integraci\u00f3n Deneva y BrightSign. Experiencias visuales impactantes para destacar en el mundo digital.\" \/>\n<meta name=\"robots\" content=\"index, follow, max-snippet:-1, max-image-preview:large, max-video-preview:-1\" \/>\n<link rel=\"canonical\" href=\"https:\/\/www.denevads.es\/en\/brightsign\/\" \/>\n<meta property=\"og:locale\" content=\"en_US\" \/>\n<meta property=\"og:type\" content=\"article\" \/>\n<meta property=\"og:title\" content=\"Menu Board para Fast Food y Supermercados\" \/>\n<meta property=\"og:description\" content=\"Potencia tu se\u00f1alizaci\u00f3n digital con la integraci\u00f3n Deneva y BrightSign. Experiencias visuales impactantes para destacar en el mundo digital.\" \/>\n<meta property=\"og:url\" content=\"https:\/\/www.denevads.es\/en\/brightsign\/\" \/>\n<meta property=\"og:site_name\" content=\"DENEVA DS\" \/>\n<meta property=\"article:modified_time\" content=\"2024-01-09T20:53:31+00:00\" \/>\n<meta property=\"og:image\" content=\"https:\/\/www.denevads.es\/wp-content\/uploads\/2023\/12\/brightsign_serie5.png\" \/>\n<meta name=\"twitter:card\" content=\"summary_large_image\" \/>\n<meta name=\"twitter:title\" content=\"Menu Board para Fast Food y Supermercados\" \/>\n<meta name=\"twitter:label1\" content=\"Est. reading time\" \/>\n\t<meta name=\"twitter:data1\" content=\"3 minutes\" \/>\n<script type=\"application\/ld+json\" class=\"yoast-schema-graph\">{\"@context\":\"https:\/\/schema.org\",\"@graph\":[{\"@type\":\"WebPage\",\"@id\":\"https:\/\/www.denevads.es\/en\/brightsign\/\",\"url\":\"https:\/\/www.denevads.es\/en\/brightsign\/\",\"name\":\"Deneva and BrightSign Integration: Powering your Digital Signage\",\"isPartOf\":{\"@id\":\"https:\/\/www.denevads.es\/en\/#website\"},\"primaryImageOfPage\":{\"@id\":\"https:\/\/www.denevads.es\/en\/brightsign\/#primaryimage\"},\"image\":{\"@id\":\"https:\/\/www.denevads.es\/en\/brightsign\/#primaryimage\"},\"thumbnailUrl\":\"https:\/\/www.denevads.es\/wp-content\/uploads\/2023\/12\/brightsign_serie5.png\",\"datePublished\":\"2024-01-09T16:42:07+00:00\",\"dateModified\":\"2024-01-09T20:53:31+00:00\",\"description\":\"Potencia tu se\u00f1alizaci\u00f3n digital con la integraci\u00f3n Deneva y BrightSign. Experiencias visuales impactantes para destacar en el mundo digital.\",\"breadcrumb\":{\"@id\":\"https:\/\/www.denevads.es\/en\/brightsign\/#breadcrumb\"},\"inLanguage\":\"en-US\",\"potentialAction\":[{\"@type\":\"ReadAction\",\"target\":[\"https:\/\/www.denevads.es\/en\/brightsign\/\"]}]},{\"@type\":\"ImageObject\",\"inLanguage\":\"en-US\",\"@id\":\"https:\/\/www.denevads.es\/en\/brightsign\/#primaryimage\",\"url\":\"https:\/\/www.denevads.es\/wp-content\/uploads\/2023\/12\/brightsign_serie5.png\",\"contentUrl\":\"https:\/\/www.denevads.es\/wp-content\/uploads\/2023\/12\/brightsign_serie5.png\"},{\"@type\":\"BreadcrumbList\",\"@id\":\"https:\/\/www.denevads.es\/en\/brightsign\/#breadcrumb\",\"itemListElement\":[{\"@type\":\"ListItem\",\"position\":1,\"name\":\"Portada\",\"item\":\"https:\/\/www.denevads.es\/en\/\"},{\"@type\":\"ListItem\",\"position\":2,\"name\":\"Menu Board para Fast Food y Supermercados\"}]},{\"@type\":\"WebSite\",\"@id\":\"https:\/\/www.denevads.es\/en\/#website\",\"url\":\"https:\/\/www.denevads.es\/en\/\",\"name\":\"DENEVA DS\",\"description\":\"Digital Signage Solution\",\"potentialAction\":[{\"@type\":\"SearchAction\",\"target\":{\"@type\":\"EntryPoint\",\"urlTemplate\":\"https:\/\/www.denevads.es\/en\/?s={search_term_string}\"},\"query-input\":{\"@type\":\"PropertyValueSpecification\",\"valueRequired\":true,\"valueName\":\"search_term_string\"}}],\"inLanguage\":\"en-US\"}]}<\/script>\n<!-- \/ Yoast SEO plugin. -->","yoast_head_json":{"title":"Deneva and BrightSign Integration: Powering your Digital Signage","description":"Potencia tu se\u00f1alizaci\u00f3n digital con la integraci\u00f3n Deneva y BrightSign. Experiencias visuales impactantes para destacar en el mundo digital.","robots":{"index":"index","follow":"follow","max-snippet":"max-snippet:-1","max-image-preview":"max-image-preview:large","max-video-preview":"max-video-preview:-1"},"canonical":"https:\/\/www.denevads.es\/en\/brightsign\/","og_locale":"en_US","og_type":"article","og_title":"Menu Board para Fast Food y Supermercados","og_description":"Potencia tu se\u00f1alizaci\u00f3n digital con la integraci\u00f3n Deneva y BrightSign. Experiencias visuales impactantes para destacar en el mundo digital.","og_url":"https:\/\/www.denevads.es\/en\/brightsign\/","og_site_name":"DENEVA DS","article_modified_time":"2024-01-09T20:53:31+00:00","og_image":[{"url":"https:\/\/www.denevads.es\/wp-content\/uploads\/2023\/12\/brightsign_serie5.png"}],"twitter_card":"summary_large_image","twitter_title":"Menu Board para Fast Food y Supermercados","twitter_misc":{"Est. reading time":"3 minutes"},"schema":{"@context":"https:\/\/schema.org","@graph":[{"@type":"WebPage","@id":"https:\/\/www.denevads.es\/en\/brightsign\/","url":"https:\/\/www.denevads.es\/en\/brightsign\/","name":"Deneva and BrightSign Integration: Powering your Digital Signage","isPartOf":{"@id":"https:\/\/www.denevads.es\/en\/#website"},"primaryImageOfPage":{"@id":"https:\/\/www.denevads.es\/en\/brightsign\/#primaryimage"},"image":{"@id":"https:\/\/www.denevads.es\/en\/brightsign\/#primaryimage"},"thumbnailUrl":"https:\/\/www.denevads.es\/wp-content\/uploads\/2023\/12\/brightsign_serie5.png","datePublished":"2024-01-09T16:42:07+00:00","dateModified":"2024-01-09T20:53:31+00:00","description":"Potencia tu se\u00f1alizaci\u00f3n digital con la integraci\u00f3n Deneva y BrightSign. Experiencias visuales impactantes para destacar en el mundo digital.","breadcrumb":{"@id":"https:\/\/www.denevads.es\/en\/brightsign\/#breadcrumb"},"inLanguage":"en-US","potentialAction":[{"@type":"ReadAction","target":["https:\/\/www.denevads.es\/en\/brightsign\/"]}]},{"@type":"ImageObject","inLanguage":"en-US","@id":"https:\/\/www.denevads.es\/en\/brightsign\/#primaryimage","url":"https:\/\/www.denevads.es\/wp-content\/uploads\/2023\/12\/brightsign_serie5.png","contentUrl":"https:\/\/www.denevads.es\/wp-content\/uploads\/2023\/12\/brightsign_serie5.png"},{"@type":"BreadcrumbList","@id":"https:\/\/www.denevads.es\/en\/brightsign\/#breadcrumb","itemListElement":[{"@type":"ListItem","position":1,"name":"Portada","item":"https:\/\/www.denevads.es\/en\/"},{"@type":"ListItem","position":2,"name":"Menu Board para Fast Food y Supermercados"}]},{"@type":"WebSite","@id":"https:\/\/www.denevads.es\/en\/#website","url":"https:\/\/www.denevads.es\/en\/","name":"DENEVA DS","description":"Digital Signage Solution","potentialAction":[{"@type":"SearchAction","target":{"@type":"EntryPoint","urlTemplate":"https:\/\/www.denevads.es\/en\/?s={search_term_string}"},"query-input":{"@type":"PropertyValueSpecification","valueRequired":true,"valueName":"search_term_string"}}],"inLanguage":"en-US"}]}},"_links":{"self":[{"href":"https:\/\/www.denevads.es\/en\/wp-json\/wp\/v2\/pages\/4913\/"}],"collection":[{"href":"https:\/\/www.denevads.es\/en\/wp-json\/wp\/v2\/pages\/"}],"about":[{"href":"https:\/\/www.denevads.es\/en\/wp-json\/wp\/v2\/types\/page\/"}],"author":[{"embeddable":true,"href":"https:\/\/www.denevads.es\/en\/wp-json\/wp\/v2\/users\/3\/"}],"replies":[{"embeddable":true,"href":"https:\/\/www.denevads.es\/en\/wp-json\/wp\/v2\/comments\/?post=4913"}],"version-history":[{"count":7,"href":"https:\/\/www.denevads.es\/en\/wp-json\/wp\/v2\/pages\/4913\/revisions\/"}],"predecessor-version":[{"id":5045,"href":"https:\/\/www.denevads.es\/en\/wp-json\/wp\/v2\/pages\/4913\/revisions\/5045\/"}],"wp:attachment":[{"href":"https:\/\/www.denevads.es\/en\/wp-json\/wp\/v2\/media\/?parent=4913"}],"curies":[{"name":"wp","href":"https:\/\/api.w.org\/{rel}","templated":true}]}}